{"id":10,"date":"2021-06-14T20:44:57","date_gmt":"2021-06-14T20:44:57","guid":{"rendered":"https:\/\/tuncaldogalgaz.com\/?page_id=10"},"modified":"2021-06-14T20:47:54","modified_gmt":"2021-06-14T20:47:54","slug":"hakkimizda","status":"publish","type":"page","link":"https:\/\/tuncaldogalgaz.com\/?page_id=10","title":{"rendered":"Hakk\u0131m\u0131zda"},"content":{"rendered":"\n<p>Sakarya\u2019da , Do\u011falgaz , Tesisat , Radyant Is\u0131tma ,alan\u0131nda plan,proje taahh\u00fct hizmeti vermekteyiz. Merkezimiz Erenler Sakarya\u2019da ;&nbsp; VAILLANT markas\u0131n\u0131n Yetkili Sat\u0131\u015f Noktas\u0131d\u0131r.&nbsp;<\/p>\n\n\n\n<p>GROHE &amp; NEWARC &amp; ISVEA &amp; BOCCHI markalar\u0131n\u0131n Yetkili Servislikleri firmam\u0131z taraf\u0131ndan yap\u0131lmaktad\u0131r. Yerden \u0131s\u0131tmadan sanayi tipi \u0131s\u0131tmaya, kazan dairelerinden ev tesisat\u0131na, do\u011falgaz tesisat, d\u0131\u015f mek\u00e2n \u0131s\u0131tma (radyant) sistemleri, Agda\u015f m\u00fchendislik hizmetleri, projelendirme ve uygulama i\u015fleri kaliteli hizmet anlay\u0131\u015f\u0131yla siz de\u011ferli m\u00fc\u015fterilerimize sunulmaktad\u0131r. \u0130klimlendirme ihtiya\u00e7lar\u0131n\u0131zda klima, VRF, Chiller sistemleri ve g\u00fcne\u015f enerji panelleri ile t\u00fcm projelerinizde en uygun \u00e7\u00f6z\u00fcm ile yan\u0131n\u0131zday\u0131z.<\/p>\n","protected":false},"excerpt":{"rendered":"<p>Sakarya\u2019da , Do\u011falgaz , Tesisat , Radyant Is\u0131tma ,alan\u0131nda plan,proje taahh\u00fct hizmeti vermekteyiz. Merkezimiz Erenler Sakarya\u2019da ;&nbsp; VAILLANT markas\u0131n\u0131n Yetkili Sat\u0131\u015f Noktas\u0131d\u0131r.&nbsp; GROHE &amp; NEWARC &amp; ISVEA &amp; BOCCHI markalar\u0131n\u0131n Yetkili Servislikleri firmam\u0131z taraf\u0131ndan yap\u0131lmaktad\u0131r. Yerden \u0131s\u0131tmadan sanayi tipi \u0131s\u0131tmaya, kazan dairelerinden ev tesisat\u0131na, do\u011falgaz tesisat, d\u0131\u015f mek\u00e2n \u0131s\u0131tma (radyant) sistemleri, Agda\u015f m\u00fchendislik hizmetleri, projelendirme [&hellip;]<\/p>\n","protected":false},"author":1,"featured_media":0,"parent":0,"menu_order":0,"comment_status":"closed","ping_status":"closed","template":"","meta":{"ub_ctt_via":"","_frontis_meta_header_display":false,"_frontis_meta_footer_display":false,"_frontis_meta_site_title_display":false,"_frontis_meta_sticky_header":false,"_frontis_meta_transparent_header":false,"_frontis_meta_lazy_load":false,"_frontis_meta_transparent_bg_color":"","_frontis_meta_sticky_bg_color":"","footnotes":""},"class_list":["post-10","page","type-page","status-publish","hentry"],"featured_image_src":null,"uagb_featured_image_src":{"full":false,"thumbnail":false,"medium":false,"medium_large":false,"large":false,"1536x1536":false,"2048x2048":false},"uagb_author_info":{"display_name":"dogalgaztuncal_a93i8sn3","author_link":"https:\/\/tuncaldogalgaz.com\/?author=1"},"uagb_comment_info":0,"uagb_excerpt":"Sakarya\u2019da , Do\u011falgaz , Tesisat , Radyant Is\u0131tma ,alan\u0131nda plan,proje taahh\u00fct hizmeti vermekteyiz. Merkezimiz Erenler Sakarya\u2019da ;&nbsp; VAILLANT markas\u0131n\u0131n Yetkili Sat\u0131\u015f Noktas\u0131d\u0131r.&nbsp; GROHE &amp; NEWARC &amp; ISVEA &amp; BOCCHI markalar\u0131n\u0131n Yetkili Servislikleri firmam\u0131z taraf\u0131ndan yap\u0131lmaktad\u0131r. Yerden \u0131s\u0131tmadan sanayi tipi \u0131s\u0131tmaya, kazan dairelerinden ev tesisat\u0131na, do\u011falgaz tesisat, d\u0131\u015f mek\u00e2n \u0131s\u0131tma (radyant) sistemleri, Agda\u015f m\u00fchendislik hizmetleri, projelendirme&hellip;","_links":{"self":[{"href":"https:\/\/tuncaldogalgaz.com\/index.php?rest_route=\/wp\/v2\/pages\/10","targetHints":{"allow":["GET"]}}],"collection":[{"href":"https:\/\/tuncaldogalgaz.com\/index.php?rest_route=\/wp\/v2\/pages"}],"about":[{"href":"https:\/\/tuncaldogalgaz.com\/index.php?rest_route=\/wp\/v2\/types\/page"}],"author":[{"embeddable":true,"href":"https:\/\/tuncaldogalgaz.com\/index.php?rest_route=\/wp\/v2\/users\/1"}],"replies":[{"embeddable":true,"href":"https:\/\/tuncaldogalgaz.com\/index.php?rest_route=%2Fwp%2Fv2%2Fcomments&post=10"}],"version-history":[{"count":2,"href":"https:\/\/tuncaldogalgaz.com\/index.php?rest_route=\/wp\/v2\/pages\/10\/revisions"}],"predecessor-version":[{"id":30,"href":"https:\/\/tuncaldogalgaz.com\/index.php?rest_route=\/wp\/v2\/pages\/10\/revisions\/30"}],"wp:attachment":[{"href":"https:\/\/tuncaldogalgaz.com\/index.php?rest_route=%2Fwp%2Fv2%2Fmedia&parent=10"}],"curies":[{"name":"wp","href":"https:\/\/api.w.org\/{rel}","templated":true}]}}