{"id":21,"date":"2021-06-14T20:45:45","date_gmt":"2021-06-14T20:45:45","guid":{"rendered":"https:\/\/tuncaldogalgaz.com\/?page_id=21"},"modified":"2021-06-14T21:48:40","modified_gmt":"2021-06-14T21:48:40","slug":"sihhi-tesisat-uygulama-hizmetleri","status":"publish","type":"page","link":"https:\/\/tuncaldogalgaz.com\/?page_id=21","title":{"rendered":"SIHHI TES\u0130SAT &#038; UYGULAMA H\u0130ZMETLER\u0130"},"content":{"rendered":"\n<h2 class=\"wp-block-heading\">S\u0131hhi Tesisat Nedir ? Neden \u00d6nemlidir?<\/h2>\n\n\n\n<p><br>Yap\u0131lar\u0131n ihtiya\u00e7 duyduklar\u0131 depolama, \u0131s\u0131tma, su temini, bas\u0131n\u00e7land\u0131rma ve da\u011f\u0131t\u0131m, pis su at\u0131m\u0131, at\u0131k su ar\u0131t\u0131m\u0131, ya\u011fmur suyu tahliyesi ve yang\u0131n s\u00f6nd\u00fcrme gibi konular\u0131 i\u00e7eren tesisat alan\u0131na s\u0131hhi tesisat denir. Bu tan\u0131m gaz \u00f6n\u00fcne al\u0131nd\u0131\u011f\u0131nda s\u0131hhi tesisat insanlann sa\u011fl\u0131kl\u0131 bir bi\u00e7imde ya\u015famalar\u0131 ve \u00e7al\u0131\u015fmalar\u0131 i\u00e7in az\u0131msanmayacak bir \u00f6neme sahiptir.<\/p>\n\n\n\n<p><br><strong>Uygulamas\u0131n\u0131 Yapt\u0131\u011f\u0131m\u0131z Mekanik Tesisatlar<\/strong>;<\/p>\n\n\n\n<ul class=\"wp-block-list\"><li>Pis Su \/ Temiz Su Tesisatlar\u0131<\/li><li>Kalorifer Tesisatlar\u0131<ul><li>Yerden Is\u0131tma Sistemi<\/li><\/ul><ul><li>Mobil Sistem Kalorifer Tesisat\u0131<\/li><li>PPRC Sistem Kalorifer Tesisat\u0131<\/li><li>Bak\u0131r Boru Sistem Kalorifer Tesisat\u0131<\/li><\/ul><\/li><li>Yang\u0131n Tesisat\u0131<ul><li>Dolapl\u0131 Yang\u0131n Tesisat\u0131<\/li><li>Sprinkler Sistemi Yang\u0131n Tesisat\u0131<\/li><\/ul><\/li><\/ul>\n\n\n\n<p><\/p>\n","protected":false},"excerpt":{"rendered":"<p>S\u0131hhi Tesisat Nedir ? Neden \u00d6nemlidir? Yap\u0131lar\u0131n ihtiya\u00e7 duyduklar\u0131 depolama, \u0131s\u0131tma, su temini, bas\u0131n\u00e7land\u0131rma ve da\u011f\u0131t\u0131m, pis su at\u0131m\u0131, at\u0131k su ar\u0131t\u0131m\u0131, ya\u011fmur suyu tahliyesi ve yang\u0131n s\u00f6nd\u00fcrme gibi konular\u0131 i\u00e7eren tesisat alan\u0131na s\u0131hhi tesisat denir. Bu tan\u0131m gaz \u00f6n\u00fcne al\u0131nd\u0131\u011f\u0131nda s\u0131hhi tesisat insanlann sa\u011fl\u0131kl\u0131 bir bi\u00e7imde ya\u015famalar\u0131 ve \u00e7al\u0131\u015fmalar\u0131 i\u00e7in az\u0131msanmayacak bir \u00f6neme sahiptir. [&hellip;]<\/p>\n","protected":false},"author":1,"featured_media":0,"parent":0,"menu_order":0,"comment_status":"closed","ping_status":"closed","template":"","meta":{"ub_ctt_via":"","_frontis_meta_header_display":false,"_frontis_meta_footer_display":false,"_frontis_meta_site_title_display":false,"_frontis_meta_sticky_header":false,"_frontis_meta_transparent_header":false,"_frontis_meta_lazy_load":false,"_frontis_meta_transparent_bg_color":"","_frontis_meta_sticky_bg_color":"","footnotes":""},"class_list":["post-21","page","type-page","status-publish","hentry"],"featured_image_src":null,"uagb_featured_image_src":{"full":false,"thumbnail":false,"medium":false,"medium_large":false,"large":false,"1536x1536":false,"2048x2048":false},"uagb_author_info":{"display_name":"dogalgaztuncal_a93i8sn3","author_link":"https:\/\/tuncaldogalgaz.com\/?author=1"},"uagb_comment_info":0,"uagb_excerpt":"S\u0131hhi Tesisat Nedir ? Neden \u00d6nemlidir? Yap\u0131lar\u0131n ihtiya\u00e7 duyduklar\u0131 depolama, \u0131s\u0131tma, su temini, bas\u0131n\u00e7land\u0131rma ve da\u011f\u0131t\u0131m, pis su at\u0131m\u0131, at\u0131k su ar\u0131t\u0131m\u0131, ya\u011fmur suyu tahliyesi ve yang\u0131n s\u00f6nd\u00fcrme gibi konular\u0131 i\u00e7eren tesisat alan\u0131na s\u0131hhi tesisat denir. Bu tan\u0131m gaz \u00f6n\u00fcne al\u0131nd\u0131\u011f\u0131nda s\u0131hhi tesisat insanlann sa\u011fl\u0131kl\u0131 bir bi\u00e7imde ya\u015famalar\u0131 ve \u00e7al\u0131\u015fmalar\u0131 i\u00e7in az\u0131msanmayacak bir \u00f6neme sahiptir.&hellip;","_links":{"self":[{"href":"https:\/\/tuncaldogalgaz.com\/index.php?rest_route=\/wp\/v2\/pages\/21","targetHints":{"allow":["GET"]}}],"collection":[{"href":"https:\/\/tuncaldogalgaz.com\/index.php?rest_route=\/wp\/v2\/pages"}],"about":[{"href":"https:\/\/tuncaldogalgaz.com\/index.php?rest_route=\/wp\/v2\/types\/page"}],"author":[{"embeddable":true,"href":"https:\/\/tuncaldogalgaz.com\/index.php?rest_route=\/wp\/v2\/users\/1"}],"replies":[{"embeddable":true,"href":"https:\/\/tuncaldogalgaz.com\/index.php?rest_route=%2Fwp%2Fv2%2Fcomments&post=21"}],"version-history":[{"count":2,"href":"https:\/\/tuncaldogalgaz.com\/index.php?rest_route=\/wp\/v2\/pages\/21\/revisions"}],"predecessor-version":[{"id":55,"href":"https:\/\/tuncaldogalgaz.com\/index.php?rest_route=\/wp\/v2\/pages\/21\/revisions\/55"}],"wp:attachment":[{"href":"https:\/\/tuncaldogalgaz.com\/index.php?rest_route=%2Fwp%2Fv2%2Fmedia&parent=21"}],"curies":[{"name":"wp","href":"https:\/\/api.w.org\/{rel}","templated":true}]}}