{"id":22,"date":"2021-06-14T20:45:45","date_gmt":"2021-06-14T20:45:45","guid":{"rendered":"https:\/\/tuncaldogalgaz.com\/?page_id=22"},"modified":"2021-06-14T21:55:00","modified_gmt":"2021-06-14T21:55:00","slug":"isitma-sogutma-sistemleri","status":"publish","type":"page","link":"https:\/\/tuncaldogalgaz.com\/?page_id=22","title":{"rendered":"ISITMA &#038; SO\u011eUTMA S\u0130STEMLER\u0130"},"content":{"rendered":"\n<ul class=\"wp-block-list\"><li><strong>Kalorifer Sistemleri<\/strong><ul><li>Yerden Is\u0131tma<\/li><li>PPR Kalorifer Sistemleri<\/li><li>Mobil Sistem<\/li><li>Kaskad Sistem<\/li><\/ul><\/li><li><strong>A\u00e7\u0131k Hava Is\u0131tma (Radyant) Sistemleri<\/strong><ul><li>Seramik Radyant Is\u0131t\u0131c\u0131<\/li><li>S\u0131cak Hava \u00dcrete\u00e7leri<\/li><li>Borulu Tip Radyant<\/li><li>Sanayi Tipi Is\u0131t\u0131c\u0131lar<\/li><\/ul><\/li><li><strong>VRF Klima ve Klima Sistemleri<\/strong><ul><li>Tek mod\u00fclde 22 HP&#8217;ye varan, toplamda 88 HP so\u011futma kapasitesi<\/li><\/ul><ul><li>Mini VRF \/ Kompakt VRF \/ Heat Pump DC VRF\/ Heat Recovery DC VRF ve Home VRF Se\u00e7enekleri<\/li><li>\u0130\u00e7 \u00fcnitelerde 12 farkl\u0131 tipte, 67 kapasite se\u00e7ene\u011fi ile b\u00fct\u00fcn taleplere yan\u0131t verebilme<\/li><li>1000 m&#8217;ye varan toplam borulama mesafesi ve esnek borulama se\u00e7enekleri<\/li><li>Son teknoloji \u00dcretimi sayesinde y\u00fcksek verimlilik ve enerji tasarrufu sa\u011flamas\u0131<\/li><li>Ak\u0131ll\u0131 defrost algoritmas\u0131 sayesinde \u0131s\u0131tmada maksimum konfor<\/li><li>Geli\u015ftirilmi\u015f sub-cooling devresi sayesinde \u0131s\u0131tma ve so\u011futmada y\u00fcksek verimlilik<\/li><li>7 kademeli i\u00e7 unite fan kontrol\u00fc<\/li><li>Ultra sessiz \u00e7al\u0131\u015fma<\/li><\/ul><\/li><\/ul>\n","protected":false},"excerpt":{"rendered":"<p>Kalorifer Sistemleri Yerden Is\u0131tma PPR Kalorifer Sistemleri Mobil Sistem Kaskad Sistem A\u00e7\u0131k Hava Is\u0131tma (Radyant) Sistemleri Seramik Radyant Is\u0131t\u0131c\u0131 S\u0131cak Hava \u00dcrete\u00e7leri Borulu Tip Radyant Sanayi Tipi Is\u0131t\u0131c\u0131lar VRF Klima ve Klima Sistemleri Tek mod\u00fclde 22 HP&#8217;ye varan, toplamda 88 HP so\u011futma kapasitesi Mini VRF \/ Kompakt VRF \/ Heat Pump DC VRF\/ Heat Recovery [&hellip;]<\/p>\n","protected":false},"author":1,"featured_media":0,"parent":0,"menu_order":0,"comment_status":"closed","ping_status":"closed","template":"","meta":{"ub_ctt_via":"","_frontis_meta_header_display":false,"_frontis_meta_footer_display":false,"_frontis_meta_site_title_display":false,"_frontis_meta_sticky_header":false,"_frontis_meta_transparent_header":false,"_frontis_meta_lazy_load":false,"_frontis_meta_transparent_bg_color":"","_frontis_meta_sticky_bg_color":"","footnotes":""},"class_list":["post-22","page","type-page","status-publish","hentry"],"featured_image_src":null,"uagb_featured_image_src":{"full":false,"thumbnail":false,"medium":false,"medium_large":false,"large":false,"1536x1536":false,"2048x2048":false},"uagb_author_info":{"display_name":"dogalgaztuncal_a93i8sn3","author_link":"https:\/\/tuncaldogalgaz.com\/?author=1"},"uagb_comment_info":0,"uagb_excerpt":"Kalorifer Sistemleri Yerden Is\u0131tma PPR Kalorifer Sistemleri Mobil Sistem Kaskad Sistem A\u00e7\u0131k Hava Is\u0131tma (Radyant) Sistemleri Seramik Radyant Is\u0131t\u0131c\u0131 S\u0131cak Hava \u00dcrete\u00e7leri Borulu Tip Radyant Sanayi Tipi Is\u0131t\u0131c\u0131lar VRF Klima ve Klima Sistemleri Tek mod\u00fclde 22 HP&#8217;ye varan, toplamda 88 HP so\u011futma kapasitesi Mini VRF \/ Kompakt VRF \/ Heat Pump DC VRF\/ Heat Recovery&hellip;","_links":{"self":[{"href":"https:\/\/tuncaldogalgaz.com\/index.php?rest_route=\/wp\/v2\/pages\/22","targetHints":{"allow":["GET"]}}],"collection":[{"href":"https:\/\/tuncaldogalgaz.com\/index.php?rest_route=\/wp\/v2\/pages"}],"about":[{"href":"https:\/\/tuncaldogalgaz.com\/index.php?rest_route=\/wp\/v2\/types\/page"}],"author":[{"embeddable":true,"href":"https:\/\/tuncaldogalgaz.com\/index.php?rest_route=\/wp\/v2\/users\/1"}],"replies":[{"embeddable":true,"href":"https:\/\/tuncaldogalgaz.com\/index.php?rest_route=%2Fwp%2Fv2%2Fcomments&post=22"}],"version-history":[{"count":2,"href":"https:\/\/tuncaldogalgaz.com\/index.php?rest_route=\/wp\/v2\/pages\/22\/revisions"}],"predecessor-version":[{"id":57,"href":"https:\/\/tuncaldogalgaz.com\/index.php?rest_route=\/wp\/v2\/pages\/22\/revisions\/57"}],"wp:attachment":[{"href":"https:\/\/tuncaldogalgaz.com\/index.php?rest_route=%2Fwp%2Fv2%2Fmedia&parent=22"}],"curies":[{"name":"wp","href":"https:\/\/api.w.org\/{rel}","templated":true}]}}