{"id":7,"date":"2021-06-14T20:44:57","date_gmt":"2021-06-14T20:44:57","guid":{"rendered":"https:\/\/tuncaldogalgaz.com\/?page_id=7"},"modified":"2025-11-11T21:34:28","modified_gmt":"2025-11-11T21:34:28","slug":"ana-sayfa","status":"publish","type":"page","link":"https:\/\/tuncaldogalgaz.com\/","title":{"rendered":"Ana Sayfa"},"content":{"rendered":"\n<h3 class=\"wp-block-heading\">Tun\u00e7al Yap\u0131&#8217;ya Ho\u015f Geldiniz<\/h3>\n\n\n\n<p>Enerjinizin g\u00fcvenli, verimli ve ekonomik adresi!<\/p>\n\n\n\n<p><br>Tun\u00e7al Yap\u0131 olarak, konutlardan i\u015f yerlerine kadar her alanda\u00a0<strong>do\u011falgaz tesisat\u0131, bak\u0131m ve proje \u00e7\u00f6z\u00fcmleri<\/strong> sunuyoruz.<\/p>\n\n\n\n<p>Deneyimli ekibimizle\u00a0<strong>g\u00fcvenli montaj<\/strong>,\u00a0<strong>zaman\u0131nda teslimat<\/strong>\u00a0ve\u00a0<strong>kesintisiz destek<\/strong>\u00a0ilkesiyle hizmet veriyoruz.<\/p>\n\n\n\n<p>&#x1f4a7;\u00a0<strong>Konforu ve g\u00fcveni bir arada ya\u015fay\u0131n<\/strong>\u00a0\u2013 Tun\u00e7al Yap\u0131 yan\u0131n\u0131zda!<\/p>\n\n\n\n<p><\/p>\n\n\n\n<p><\/p>\n\n\n\n<div class=\"wp-block-columns is-layout-flex wp-container-core-columns-is-layout-28f84493 wp-block-columns-is-layout-flex\">\n<div class=\"wp-block-column is-vertically-aligned-center is-layout-flow wp-block-column-is-layout-flow\">\n<figure class=\"wp-block-image size-large\"><img loading=\"lazy\" decoding=\"async\" width=\"1024\" height=\"389\" src=\"http:\/\/tuncaldogalgaz.com\/wp-content\/uploads\/2025\/06\/Midea_logo_logotype-1024x389.png\" alt=\"\" class=\"wp-image-73\" srcset=\"https:\/\/tuncaldogalgaz.com\/wp-content\/uploads\/2025\/06\/Midea_logo_logotype-1024x389.png 1024w, https:\/\/tuncaldogalgaz.com\/wp-content\/uploads\/2025\/06\/Midea_logo_logotype-300x114.png 300w, https:\/\/tuncaldogalgaz.com\/wp-content\/uploads\/2025\/06\/Midea_logo_logotype-768x292.png 768w, https:\/\/tuncaldogalgaz.com\/wp-content\/uploads\/2025\/06\/Midea_logo_logotype-1536x584.png 1536w, https:\/\/tuncaldogalgaz.com\/wp-content\/uploads\/2025\/06\/Midea_logo_logotype-2048x778.png 2048w, https:\/\/tuncaldogalgaz.com\/wp-content\/uploads\/2025\/06\/Midea_logo_logotype-583x222.png 583w\" sizes=\"auto, (max-width: 1024px) 100vw, 1024px\" \/><\/figure>\n<\/div>\n\n\n\n<div class=\"wp-block-column is-vertically-aligned-center is-layout-flow wp-block-column-is-layout-flow\">\n<figure class=\"wp-block-image size-full\"><img loading=\"lazy\" decoding=\"async\" width=\"300\" height=\"94\" src=\"https:\/\/tuncaldogalgaz.com\/wp-content\/uploads\/2025\/11\/vaillant-logo.png\" alt=\"\" class=\"wp-image-101\"\/><\/figure>\n<\/div>\n\n\n\n<div class=\"wp-block-column is-vertically-aligned-center is-layout-flow wp-block-column-is-layout-flow\">\n<figure class=\"wp-block-image size-large\"><img loading=\"lazy\" decoding=\"async\" width=\"1024\" height=\"576\" src=\"http:\/\/tuncaldogalgaz.com\/wp-content\/uploads\/2025\/06\/Mitsubishi-Electric-Logo-1024x576.jpg\" alt=\"\" class=\"wp-image-70\" srcset=\"https:\/\/tuncaldogalgaz.com\/wp-content\/uploads\/2025\/06\/Mitsubishi-Electric-Logo-1024x576.jpg 1024w, https:\/\/tuncaldogalgaz.com\/wp-content\/uploads\/2025\/06\/Mitsubishi-Electric-Logo-300x169.jpg 300w, https:\/\/tuncaldogalgaz.com\/wp-content\/uploads\/2025\/06\/Mitsubishi-Electric-Logo-768x432.jpg 768w, https:\/\/tuncaldogalgaz.com\/wp-content\/uploads\/2025\/06\/Mitsubishi-Electric-Logo-1536x864.jpg 1536w, https:\/\/tuncaldogalgaz.com\/wp-content\/uploads\/2025\/06\/Mitsubishi-Electric-Logo-2048x1152.jpg 2048w, https:\/\/tuncaldogalgaz.com\/wp-content\/uploads\/2025\/06\/Mitsubishi-Electric-Logo-533x300.jpg 533w\" sizes=\"auto, (max-width: 1024px) 100vw, 1024px\" \/><\/figure>\n<\/div>\n<\/div>\n","protected":false},"excerpt":{"rendered":"<p>Tun\u00e7al Yap\u0131&#8217;ya Ho\u015f Geldiniz Enerjinizin g\u00fcvenli, verimli ve ekonomik adresi! Tun\u00e7al Yap\u0131 olarak, konutlardan i\u015f yerlerine kadar her alanda\u00a0do\u011falgaz tesisat\u0131, bak\u0131m ve proje \u00e7\u00f6z\u00fcmleri sunuyoruz. Deneyimli ekibimizle\u00a0g\u00fcvenli montaj,\u00a0zaman\u0131nda teslimat\u00a0ve\u00a0kesintisiz destek\u00a0ilkesiyle hizmet veriyoruz. &#x1f4a7;\u00a0Konforu ve g\u00fcveni bir arada ya\u015fay\u0131n\u00a0\u2013 Tun\u00e7al Yap\u0131 yan\u0131n\u0131zda!<\/p>\n","protected":false},"author":1,"featured_media":0,"parent":0,"menu_order":0,"comment_status":"closed","ping_status":"closed","template":"","meta":{"ub_ctt_via":"","_frontis_meta_header_display":false,"_frontis_meta_footer_display":false,"_frontis_meta_site_title_display":false,"_frontis_meta_sticky_header":false,"_frontis_meta_transparent_header":false,"_frontis_meta_lazy_load":false,"_frontis_meta_transparent_bg_color":"","_frontis_meta_sticky_bg_color":"","footnotes":""},"class_list":["post-7","page","type-page","status-publish","hentry"],"featured_image_src":null,"uagb_featured_image_src":{"full":false,"thumbnail":false,"medium":false,"medium_large":false,"large":false,"1536x1536":false,"2048x2048":false},"uagb_author_info":{"display_name":"dogalgaztuncal_a93i8sn3","author_link":"https:\/\/tuncaldogalgaz.com\/?author=1"},"uagb_comment_info":0,"uagb_excerpt":"Tun\u00e7al Yap\u0131&#8217;ya Ho\u015f Geldiniz Enerjinizin g\u00fcvenli, verimli ve ekonomik adresi! Tun\u00e7al Yap\u0131 olarak, konutlardan i\u015f yerlerine kadar her alanda\u00a0do\u011falgaz tesisat\u0131, bak\u0131m ve proje \u00e7\u00f6z\u00fcmleri sunuyoruz. Deneyimli ekibimizle\u00a0g\u00fcvenli montaj,\u00a0zaman\u0131nda teslimat\u00a0ve\u00a0kesintisiz destek\u00a0ilkesiyle hizmet veriyoruz. &#x1f4a7;\u00a0Konforu ve g\u00fcveni bir arada ya\u015fay\u0131n\u00a0\u2013 Tun\u00e7al Yap\u0131 yan\u0131n\u0131zda!","_links":{"self":[{"href":"https:\/\/tuncaldogalgaz.com\/index.php?rest_route=\/wp\/v2\/pages\/7","targetHints":{"allow":["GET"]}}],"collection":[{"href":"https:\/\/tuncaldogalgaz.com\/index.php?rest_route=\/wp\/v2\/pages"}],"about":[{"href":"https:\/\/tuncaldogalgaz.com\/index.php?rest_route=\/wp\/v2\/types\/page"}],"author":[{"embeddable":true,"href":"https:\/\/tuncaldogalgaz.com\/index.php?rest_route=\/wp\/v2\/users\/1"}],"replies":[{"embeddable":true,"href":"https:\/\/tuncaldogalgaz.com\/index.php?rest_route=%2Fwp%2Fv2%2Fcomments&post=7"}],"version-history":[{"count":5,"href":"https:\/\/tuncaldogalgaz.com\/index.php?rest_route=\/wp\/v2\/pages\/7\/revisions"}],"predecessor-version":[{"id":105,"href":"https:\/\/tuncaldogalgaz.com\/index.php?rest_route=\/wp\/v2\/pages\/7\/revisions\/105"}],"wp:attachment":[{"href":"https:\/\/tuncaldogalgaz.com\/index.php?rest_route=%2Fwp%2Fv2%2Fmedia&parent=7"}],"curies":[{"name":"wp","href":"https:\/\/api.w.org\/{rel}","templated":true}]}}